{"id":175,"date":"2025-10-22T11:01:42","date_gmt":"2025-10-22T09:01:42","guid":{"rendered":"https:\/\/eidfjordhotell.hornstaging.no\/?page_id=175"},"modified":"2026-01-12T10:35:04","modified_gmt":"2026-01-12T09:35:04","slug":"restaurant","status":"publish","type":"page","link":"https:\/\/eidfjord-hotel.no\/en\/restaurant\/","title":{"rendered":"Our Restaurant"},"content":{"rendered":"<div data-elementor-type=\"wp-page\" data-elementor-id=\"175\" class=\"elementor elementor-175\" data-elementor-post-type=\"page\">\n\t\t\t\t<div class=\"elementor-element elementor-element-d60e402 e-flex e-con-boxed e-con e-parent\" data-id=\"d60e402\" data-element_type=\"container\" data-e-type=\"container\" data-settings=\"{&quot;background_background&quot;:&quot;classic&quot;}\">\n\t\t\t\t\t<div class=\"e-con-inner\">\n\t\t<div class=\"elementor-element elementor-element-ad6870f e-con-full e-flex e-con e-child\" data-id=\"ad6870f\" data-element_type=\"container\" data-e-type=\"container\">\n\t\t\t\t<div class=\"elementor-element elementor-element-04f36cf elementor-widget elementor-widget-heading\" data-id=\"04f36cf\" data-element_type=\"widget\" data-e-type=\"widget\" data-widget_type=\"heading.default\">\n\t\t\t\t\t<h1 class=\"elementor-heading-title elementor-size-default\">Our Restaurant<\/h1>\t\t\t\t<\/div>\n\t\t\t\t<div class=\"elementor-element elementor-element-2346df1 elementor-widget elementor-widget-text-editor\" data-id=\"2346df1\" data-element_type=\"widget\" data-e-type=\"widget\" data-widget_type=\"text-editor.default\">\n\t\t\t\t\t\t\t\t\t<p data-start=\"118\" data-end=\"419\">In the restaurant at Eidfjord Hotel, you\u2019ll be served fresh, local ingredients with the taste of Hardanger. Enjoy Norwegian dishes with a modern touch, served in our glass room with panoramic views of the fjord \u2013 a dining experience for both the eyes and the palate.<\/p>\t\t\t\t\t\t\t\t<\/div>\n\t\t<div class=\"elementor-element elementor-element-ed0b839 e-con-full e-flex e-con e-child\" data-id=\"ed0b839\" data-element_type=\"container\" data-e-type=\"container\">\n\t\t\t\t<div class=\"elementor-element elementor-element-99be905 elementor-mobile-align-justify elementor-widget elementor-widget-button\" data-id=\"99be905\" data-element_type=\"widget\" data-e-type=\"widget\" data-widget_type=\"button.default\">\n\t\t\t\t\t\t\t\t\t\t<a class=\"elementor-button elementor-button-link elementor-size-sm elementor-animation-float\" href=\"\/wp-content\/uploads\/2025\/10\/eidfjord-hotel-meny.jpg\" target=\"_blank\">\n\t\t\t\t\t\t<span class=\"elementor-button-content-wrapper\">\n\t\t\t\t\t\t\t\t\t<span class=\"elementor-button-text\">See our menu<\/span>\n\t\t\t\t\t<\/span>\n\t\t\t\t\t<\/a>\n\t\t\t\t\t\t\t\t<\/div>\n\t\t\t\t<div class=\"elementor-element elementor-element-566fcc7 elementor-mobile-align-justify elementor-align-right elementor-widget elementor-widget-button\" data-id=\"566fcc7\" data-element_type=\"widget\" data-e-type=\"widget\" data-widget_type=\"button.default\">\n\t\t\t\t\t\t\t\t\t\t<a class=\"elementor-button elementor-button-link elementor-size-sm elementor-animation-float\" href=\"https:\/\/hotels.cloudbeds.com\/en\/reservation\/kRmpBN\" target=\"_blank\">\n\t\t\t\t\t\t<span class=\"elementor-button-content-wrapper\">\n\t\t\t\t\t\t\t\t\t<span class=\"elementor-button-text\">Book accommodation<\/span>\n\t\t\t\t\t<\/span>\n\t\t\t\t\t<\/a>\n\t\t\t\t\t\t\t\t<\/div>\n\t\t\t\t<\/div>\n\t\t\t\t<\/div>\n\t\t\t\t\t<\/div>\n\t\t\t\t<\/div>\n\t\t<div class=\"elementor-element elementor-element-21e292f e-flex e-con-boxed e-con e-parent\" data-id=\"21e292f\" data-element_type=\"container\" data-e-type=\"container\" data-settings=\"{&quot;background_background&quot;:&quot;classic&quot;}\">\n\t\t\t\t\t<div class=\"e-con-inner\">\n\t\t<div class=\"elementor-element elementor-element-e0714f7 e-con-full e-flex e-con e-child\" data-id=\"e0714f7\" data-element_type=\"container\" data-e-type=\"container\">\n\t\t<div class=\"elementor-element elementor-element-65d5d14 e-con-full e-flex e-con e-child\" data-id=\"65d5d14\" data-element_type=\"container\" data-e-type=\"container\">\n\t\t\t\t<div class=\"elementor-element elementor-element-5cb727b elementor-widget elementor-widget-heading\" data-id=\"5cb727b\" data-element_type=\"widget\" data-e-type=\"widget\" data-widget_type=\"heading.default\">\n\t\t\t\t\t<h2 class=\"elementor-heading-title elementor-size-default\">Flavors from the Fjord \u2013 A Culinary Experience in the Heart of Hardanger<\/h2>\t\t\t\t<\/div>\n\t\t\t\t<div class=\"elementor-element elementor-element-494f4ee elementor-widget elementor-widget-text-editor\" data-id=\"494f4ee\" data-element_type=\"widget\" data-e-type=\"widget\" data-widget_type=\"text-editor.default\">\n\t\t\t\t\t\t\t\t\t<p data-start=\"338\" data-end=\"659\">Welcome to the restaurant at Eidfjord Hotel \u2013 a place where local flavors meet genuine joy for food. Our chef draws inspiration from the surrounding nature and prepares seasonal ingredients with a modern twist. Fresh fish, game, and locally grown vegetables take center stage, served with love and respect for tradition.<\/p><p data-start=\"661\" data-end=\"923\">Our glass room offers a spectacular view of the Hardanger Fjord, allowing you to enjoy your meal in serene and scenic surroundings. Each dish is carefully composed to highlight the region\u2019s flavors \u2013 whether you choose reindeer, cod, steak, or a vegetarian option.<\/p><p data-start=\"925\" data-end=\"1153\">A meal with us is about more than food \u2013 it\u2019s about experiencing Hardanger with all your senses. After dinner, you can relax in the bar, where local drinks and a cozy atmosphere set the tone for late summer evenings by the fjord.<\/p>\t\t\t\t\t\t\t\t<\/div>\n\t\t\t\t<div class=\"elementor-element elementor-element-d4dd0bf elementor-mobile-align-justify elementor-widget elementor-widget-button\" data-id=\"d4dd0bf\" data-element_type=\"widget\" data-e-type=\"widget\" data-widget_type=\"button.default\">\n\t\t\t\t\t\t\t\t\t\t<a class=\"elementor-button elementor-button-link elementor-size-sm elementor-animation-float\" href=\"\/wp-content\/uploads\/2025\/10\/eidfjord-hotel-meny.jpg\" target=\"_blank\">\n\t\t\t\t\t\t<span class=\"elementor-button-content-wrapper\">\n\t\t\t\t\t\t\t\t\t<span class=\"elementor-button-text\">See our menu<\/span>\n\t\t\t\t\t<\/span>\n\t\t\t\t\t<\/a>\n\t\t\t\t\t\t\t\t<\/div>\n\t\t\t\t<\/div>\n\t\t<div class=\"elementor-element elementor-element-67235ce e-con-full e-flex e-con e-child\" data-id=\"67235ce\" data-element_type=\"container\" data-e-type=\"container\">\n\t\t\t\t<div class=\"elementor-element elementor-element-4d546ce elementor-widget elementor-widget-image\" data-id=\"4d546ce\" data-element_type=\"widget\" data-e-type=\"widget\" data-widget_type=\"image.default\">\n\t\t\t\t\t\t\t\t\t\t\t\t\t\t\t<img fetchpriority=\"high\" decoding=\"async\" width=\"1024\" height=\"866\" src=\"https:\/\/eidfjord-hotel.no\/wp-content\/uploads\/2025\/10\/cod-1024x866.jpg.webp\" class=\"attachment-full size-full wp-image-531\" alt=\"Elegant restaurant p\u00e5 Eidfjord Hotel med panoramautsikt over fjorden, hvor du kan nyte ferske lokale retter laget med kj\u00e6rlighet og sesongens beste r\u00e5varer.\" srcset=\"https:\/\/eidfjord-hotel.no\/wp-content\/uploads\/2025\/10\/cod-1024x866.jpg.webp 1024w, https:\/\/eidfjord-hotel.no\/wp-content\/uploads\/2025\/10\/cod-1024x866.jpg-300x254.webp 300w, https:\/\/eidfjord-hotel.no\/wp-content\/uploads\/2025\/10\/cod-1024x866.jpg-768x650.webp 768w, https:\/\/eidfjord-hotel.no\/wp-content\/uploads\/2025\/10\/cod-1024x866.jpg-14x12.webp 14w\" sizes=\"(max-width: 1024px) 100vw, 1024px\" \/>\t\t\t\t\t\t\t\t\t\t\t\t\t\t\t<\/div>\n\t\t<div class=\"elementor-element elementor-element-2fdeec4 e-con-full e-flex e-con e-child\" data-id=\"2fdeec4\" data-element_type=\"container\" data-e-type=\"container\" data-settings=\"{&quot;background_background&quot;:&quot;classic&quot;,&quot;position&quot;:&quot;absolute&quot;}\">\n\t\t\t\t<div class=\"elementor-element elementor-element-5a7f1dd elementor-widget elementor-widget-heading\" data-id=\"5a7f1dd\" data-element_type=\"widget\" data-e-type=\"widget\" data-widget_type=\"heading.default\">\n\t\t\t\t\t<h3 class=\"elementor-heading-title elementor-size-default\">Opening hours<\/h3>\t\t\t\t<\/div>\n\t\t<div class=\"elementor-element elementor-element-ef81af7 e-grid e-con-full e-con e-child\" data-id=\"ef81af7\" data-element_type=\"container\" data-e-type=\"container\">\n\t\t\t\t<div class=\"elementor-element elementor-element-a463b8e elementor-widget elementor-widget-heading\" data-id=\"a463b8e\" data-element_type=\"widget\" data-e-type=\"widget\" data-widget_type=\"heading.default\">\n\t\t\t\t\t<span class=\"elementor-heading-title elementor-size-default\">Our Restaurant<\/span>\t\t\t\t<\/div>\n\t\t\t\t<div class=\"elementor-element elementor-element-f21a218 elementor-widget elementor-widget-heading\" data-id=\"f21a218\" data-element_type=\"widget\" data-e-type=\"widget\" data-widget_type=\"heading.default\">\n\t\t\t\t\t<span class=\"elementor-heading-title elementor-size-default\">17:00 \u2013 22:00<\/span>\t\t\t\t<\/div>\n\t\t\t\t<div class=\"elementor-element elementor-element-830f396 elementor-widget elementor-widget-heading\" data-id=\"830f396\" data-element_type=\"widget\" data-e-type=\"widget\" data-widget_type=\"heading.default\">\n\t\t\t\t\t<h3 class=\"elementor-heading-title elementor-size-default\">Our bar<\/h3>\t\t\t\t<\/div>\n\t\t\t\t<div class=\"elementor-element elementor-element-ef88054 elementor-widget elementor-widget-heading\" data-id=\"ef88054\" data-element_type=\"widget\" data-e-type=\"widget\" data-widget_type=\"heading.default\">\n\t\t\t\t\t<span class=\"elementor-heading-title elementor-size-default\">To 22:00 \/ Sat: 01:00<\/span>\t\t\t\t<\/div>\n\t\t\t\t<\/div>\n\t\t\t\t<\/div>\n\t\t\t\t<\/div>\n\t\t\t\t<\/div>\n\t\t\t\t\t<\/div>\n\t\t\t\t<\/div>\n\t\t\t\t<\/div>","protected":false},"excerpt":{"rendered":"<p>Restaurant I restauranten p\u00e5 Eidfjord Hotell f\u00e5r du servert ferske, lokale r\u00e5varer med smak av Hardanger. Nyt norske retter med moderne preg, servert i v\u00e5rt glassrom med panoramautsikt over fjorden \u2013 en matopplevelse for b\u00e5de \u00f8yne og gane. Se v\u00e5r meny Book overnatting Smaker fra fjorden \u2013 en matopplevelse i hjertet av Hardanger Velkommen til [&hellip;]<\/p>\n","protected":false},"author":1,"featured_media":646,"parent":0,"menu_order":0,"comment_status":"closed","ping_status":"closed","template":"","meta":{"_acf_changed":false,"footnotes":""},"class_list":["post-175","page","type-page","status-publish","has-post-thumbnail","hentry"],"acf":[],"yoast_head":"<!-- This site is optimized with the Yoast SEO plugin v27.0 - https:\/\/yoast.com\/product\/yoast-seo-wordpress\/ -->\n<title>Restaurant med fjordutsikt | Eidfjord Hotell<\/title>\n<meta name=\"description\" content=\"Nyt lokal mat i v\u00e5r restaurant med utsikt over Hardangerfjorden. Norske retter med moderne vri \u2013 en matopplevelse for alle sanser.\" \/>\n<meta name=\"robots\" content=\"index, follow, max-snippet:-1, max-image-preview:large, max-video-preview:-1\" \/>\n<link rel=\"canonical\" href=\"https:\/\/eidfjord-hotel.no\/en\/restaurant\/\" \/>\n<meta property=\"og:locale\" content=\"en_GB\" \/>\n<meta property=\"og:type\" content=\"article\" \/>\n<meta property=\"og:title\" content=\"Restaurant med fjordutsikt | Eidfjord Hotell\" \/>\n<meta property=\"og:description\" content=\"Nyt lokal mat i v\u00e5r restaurant med utsikt over Hardangerfjorden. Norske retter med moderne vri \u2013 en matopplevelse for alle sanser.\" \/>\n<meta property=\"og:url\" content=\"https:\/\/eidfjord-hotel.no\/en\/restaurant\/\" \/>\n<meta property=\"og:site_name\" content=\"Eidfjord Hotell\" \/>\n<meta property=\"article:modified_time\" content=\"2026-01-12T09:35:04+00:00\" \/>\n<meta property=\"og:image\" content=\"https:\/\/eidfjord-hotel.no\/wp-content\/uploads\/2025\/10\/opengraph-eidfjordhotel.png\" \/>\n\t<meta property=\"og:image:width\" content=\"2048\" \/>\n\t<meta property=\"og:image:height\" content=\"1363\" \/>\n\t<meta property=\"og:image:type\" content=\"image\/png\" \/>\n<meta name=\"twitter:card\" content=\"summary_large_image\" \/>\n<meta name=\"twitter:label1\" content=\"Estimated reading time\" \/>\n\t<meta name=\"twitter:data1\" content=\"2 minutes\" \/>\n<script type=\"application\/ld+json\" class=\"yoast-schema-graph\">{\"@context\":\"https:\/\/schema.org\",\"@graph\":[{\"@type\":\"WebPage\",\"@id\":\"https:\/\/eidfjord-hotel.no\/restaurant\/\",\"url\":\"https:\/\/eidfjord-hotel.no\/restaurant\/\",\"name\":\"Restaurant med fjordutsikt | Eidfjord Hotell\",\"isPartOf\":{\"@id\":\"https:\/\/eidfjord-hotel.no\/#website\"},\"primaryImageOfPage\":{\"@id\":\"https:\/\/eidfjord-hotel.no\/restaurant\/#primaryimage\"},\"image\":{\"@id\":\"https:\/\/eidfjord-hotel.no\/restaurant\/#primaryimage\"},\"thumbnailUrl\":\"https:\/\/eidfjord-hotel.no\/wp-content\/uploads\/2025\/10\/opengraph-eidfjordhotel.png\",\"datePublished\":\"2025-10-22T09:01:42+00:00\",\"dateModified\":\"2026-01-12T09:35:04+00:00\",\"description\":\"Nyt lokal mat i v\u00e5r restaurant med utsikt over Hardangerfjorden. Norske retter med moderne vri \u2013 en matopplevelse for alle sanser.\",\"breadcrumb\":{\"@id\":\"https:\/\/eidfjord-hotel.no\/restaurant\/#breadcrumb\"},\"inLanguage\":\"en-GB\",\"potentialAction\":[{\"@type\":\"ReadAction\",\"target\":[\"https:\/\/eidfjord-hotel.no\/restaurant\/\"]}]},{\"@type\":\"ImageObject\",\"inLanguage\":\"en-GB\",\"@id\":\"https:\/\/eidfjord-hotel.no\/restaurant\/#primaryimage\",\"url\":\"https:\/\/eidfjord-hotel.no\/wp-content\/uploads\/2025\/10\/opengraph-eidfjordhotel.png\",\"contentUrl\":\"https:\/\/eidfjord-hotel.no\/wp-content\/uploads\/2025\/10\/opengraph-eidfjordhotel.png\",\"width\":2048,\"height\":1363},{\"@type\":\"BreadcrumbList\",\"@id\":\"https:\/\/eidfjord-hotel.no\/restaurant\/#breadcrumb\",\"itemListElement\":[{\"@type\":\"ListItem\",\"position\":1,\"name\":\"Home\",\"item\":\"https:\/\/eidfjord-hotel.no\/\"},{\"@type\":\"ListItem\",\"position\":2,\"name\":\"Restaurant\"}]},{\"@type\":\"WebSite\",\"@id\":\"https:\/\/eidfjord-hotel.no\/#website\",\"url\":\"https:\/\/eidfjord-hotel.no\/\",\"name\":\"Eidfjord Hotell\",\"description\":\"Unik overnatting ved Hardangerfjorden\",\"publisher\":{\"@id\":\"https:\/\/eidfjord-hotel.no\/#organization\"},\"alternateName\":\"Eidfjord Hotell\",\"potentialAction\":[{\"@type\":\"SearchAction\",\"target\":{\"@type\":\"EntryPoint\",\"urlTemplate\":\"https:\/\/eidfjord-hotel.no\/?s={search_term_string}\"},\"query-input\":{\"@type\":\"PropertyValueSpecification\",\"valueRequired\":true,\"valueName\":\"search_term_string\"}}],\"inLanguage\":\"en-GB\"},{\"@type\":\"Organization\",\"@id\":\"https:\/\/eidfjord-hotel.no\/#organization\",\"name\":\"Eidfjord Hotell\",\"alternateName\":\"Eidfjord Hotell\",\"url\":\"https:\/\/eidfjord-hotel.no\/\",\"logo\":{\"@type\":\"ImageObject\",\"inLanguage\":\"en-GB\",\"@id\":\"https:\/\/eidfjord-hotel.no\/#\/schema\/logo\/image\/\",\"url\":\"https:\/\/eidfjord-hotel.no\/wp-content\/uploads\/2025\/10\/Asset-1@2x.png\",\"contentUrl\":\"https:\/\/eidfjord-hotel.no\/wp-content\/uploads\/2025\/10\/Asset-1@2x.png\",\"width\":952,\"height\":290,\"caption\":\"Eidfjord Hotell\"},\"image\":{\"@id\":\"https:\/\/eidfjord-hotel.no\/#\/schema\/logo\/image\/\"}}]}<\/script>\n<!-- \/ Yoast SEO plugin. -->","yoast_head_json":{"title":"Restaurant med fjordutsikt | Eidfjord Hotell","description":"Nyt lokal mat i v\u00e5r restaurant med utsikt over Hardangerfjorden. Norske retter med moderne vri \u2013 en matopplevelse for alle sanser.","robots":{"index":"index","follow":"follow","max-snippet":"max-snippet:-1","max-image-preview":"max-image-preview:large","max-video-preview":"max-video-preview:-1"},"canonical":"https:\/\/eidfjord-hotel.no\/en\/restaurant\/","og_locale":"en_GB","og_type":"article","og_title":"Restaurant med fjordutsikt | Eidfjord Hotell","og_description":"Nyt lokal mat i v\u00e5r restaurant med utsikt over Hardangerfjorden. Norske retter med moderne vri \u2013 en matopplevelse for alle sanser.","og_url":"https:\/\/eidfjord-hotel.no\/en\/restaurant\/","og_site_name":"Eidfjord Hotell","article_modified_time":"2026-01-12T09:35:04+00:00","og_image":[{"width":2048,"height":1363,"url":"https:\/\/eidfjord-hotel.no\/wp-content\/uploads\/2025\/10\/opengraph-eidfjordhotel.png","type":"image\/png"}],"twitter_card":"summary_large_image","twitter_misc":{"Estimated reading time":"2 minutes"},"schema":{"@context":"https:\/\/schema.org","@graph":[{"@type":"WebPage","@id":"https:\/\/eidfjord-hotel.no\/restaurant\/","url":"https:\/\/eidfjord-hotel.no\/restaurant\/","name":"Restaurant med fjordutsikt | Eidfjord Hotell","isPartOf":{"@id":"https:\/\/eidfjord-hotel.no\/#website"},"primaryImageOfPage":{"@id":"https:\/\/eidfjord-hotel.no\/restaurant\/#primaryimage"},"image":{"@id":"https:\/\/eidfjord-hotel.no\/restaurant\/#primaryimage"},"thumbnailUrl":"https:\/\/eidfjord-hotel.no\/wp-content\/uploads\/2025\/10\/opengraph-eidfjordhotel.png","datePublished":"2025-10-22T09:01:42+00:00","dateModified":"2026-01-12T09:35:04+00:00","description":"Nyt lokal mat i v\u00e5r restaurant med utsikt over Hardangerfjorden. Norske retter med moderne vri \u2013 en matopplevelse for alle sanser.","breadcrumb":{"@id":"https:\/\/eidfjord-hotel.no\/restaurant\/#breadcrumb"},"inLanguage":"en-GB","potentialAction":[{"@type":"ReadAction","target":["https:\/\/eidfjord-hotel.no\/restaurant\/"]}]},{"@type":"ImageObject","inLanguage":"en-GB","@id":"https:\/\/eidfjord-hotel.no\/restaurant\/#primaryimage","url":"https:\/\/eidfjord-hotel.no\/wp-content\/uploads\/2025\/10\/opengraph-eidfjordhotel.png","contentUrl":"https:\/\/eidfjord-hotel.no\/wp-content\/uploads\/2025\/10\/opengraph-eidfjordhotel.png","width":2048,"height":1363},{"@type":"BreadcrumbList","@id":"https:\/\/eidfjord-hotel.no\/restaurant\/#breadcrumb","itemListElement":[{"@type":"ListItem","position":1,"name":"Home","item":"https:\/\/eidfjord-hotel.no\/"},{"@type":"ListItem","position":2,"name":"Restaurant"}]},{"@type":"WebSite","@id":"https:\/\/eidfjord-hotel.no\/#website","url":"https:\/\/eidfjord-hotel.no\/","name":"Eidfjord Hotell","description":"Unik overnatting ved Hardangerfjorden","publisher":{"@id":"https:\/\/eidfjord-hotel.no\/#organization"},"alternateName":"Eidfjord Hotell","potentialAction":[{"@type":"SearchAction","target":{"@type":"EntryPoint","urlTemplate":"https:\/\/eidfjord-hotel.no\/?s={search_term_string}"},"query-input":{"@type":"PropertyValueSpecification","valueRequired":true,"valueName":"search_term_string"}}],"inLanguage":"en-GB"},{"@type":"Organization","@id":"https:\/\/eidfjord-hotel.no\/#organization","name":"Eidfjord Hotell","alternateName":"Eidfjord Hotell","url":"https:\/\/eidfjord-hotel.no\/","logo":{"@type":"ImageObject","inLanguage":"en-GB","@id":"https:\/\/eidfjord-hotel.no\/#\/schema\/logo\/image\/","url":"https:\/\/eidfjord-hotel.no\/wp-content\/uploads\/2025\/10\/Asset-1@2x.png","contentUrl":"https:\/\/eidfjord-hotel.no\/wp-content\/uploads\/2025\/10\/Asset-1@2x.png","width":952,"height":290,"caption":"Eidfjord Hotell"},"image":{"@id":"https:\/\/eidfjord-hotel.no\/#\/schema\/logo\/image\/"}}]}},"_links":{"self":[{"href":"https:\/\/eidfjord-hotel.no\/en\/wp-json\/wp\/v2\/pages\/175","targetHints":{"allow":["GET"]}}],"collection":[{"href":"https:\/\/eidfjord-hotel.no\/en\/wp-json\/wp\/v2\/pages"}],"about":[{"href":"https:\/\/eidfjord-hotel.no\/en\/wp-json\/wp\/v2\/types\/page"}],"author":[{"embeddable":true,"href":"https:\/\/eidfjord-hotel.no\/en\/wp-json\/wp\/v2\/users\/1"}],"replies":[{"embeddable":true,"href":"https:\/\/eidfjord-hotel.no\/en\/wp-json\/wp\/v2\/comments?post=175"}],"version-history":[{"count":5,"href":"https:\/\/eidfjord-hotel.no\/en\/wp-json\/wp\/v2\/pages\/175\/revisions"}],"predecessor-version":[{"id":853,"href":"https:\/\/eidfjord-hotel.no\/en\/wp-json\/wp\/v2\/pages\/175\/revisions\/853"}],"wp:featuredmedia":[{"embeddable":true,"href":"https:\/\/eidfjord-hotel.no\/en\/wp-json\/wp\/v2\/media\/646"}],"wp:attachment":[{"href":"https:\/\/eidfjord-hotel.no\/en\/wp-json\/wp\/v2\/media?parent=175"}],"curies":[{"name":"wp","href":"https:\/\/api.w.org\/{rel}","templated":true}]}}